{"id":871,"date":"2021-11-23T15:50:28","date_gmt":"2021-11-23T14:50:28","guid":{"rendered":"http:\/\/consellhorta.gva.es\/terminos-y-condiciones\/"},"modified":"2024-01-17T12:27:30","modified_gmt":"2024-01-17T11:27:30","slug":"terminos-y-condiciones","status":"publish","type":"page","link":"https:\/\/consellhorta.gva.es\/es\/terminos-y-condiciones\/","title":{"rendered":"Aviso Legal"},"content":{"rendered":"<h4>Av\u00edso Legal<\/h4>\n<p>De acuerdo con el art\u00edculo 10 de la Ley 34\/2002, de 11 de julio, de Servicios de la Sociedad de la Informaci\u00f3n y Comercio Electr\u00f3nico, ponemos en su conocimiento la informaci\u00f3n siguiente:<\/p>\n<ol>\n<li>El sitio web <a href=\"http:\/\/consellhorta.gva.es\">https:\/\/consellhorta.gva.es<\/a> est\u00e1 gestionado por el Consorcio del Consell de L&#8217;Horta de Val\u00e8ncia, domiciliado en Cam\u00ed Alqueria dels Moros 3, 46025 Val\u00e8ncia.<\/li>\n<li>El Consorcio del Consell de L&#8217;Horta de Val\u00e8ncia, con CIF: S-4600328A, est\u00e1 inscrito en el Registro INVENTARIO DE ENTIDADES DEL SECTOR P\u00daBLICO ESTATAL, AUTON\u00d3MICO Y LOCAL. Este Inventario tiene como finalidad garantizar la informaci\u00f3n p\u00fablica y la ordenaci\u00f3n de todas las entidades integrantes del sector p\u00fablico institucional cualquier que sea su naturaleza jur\u00eddica, el funcionamiento de la cual se encuentra regulado en el Real Decreto 749\/2019, del 27 de diciembre.<\/li>\n<li>Si quiere contactar con nosotros puede hacerlo bien por medio de correo postal, en la direcci\u00f3n indicada anteriormente, bien a trav\u00e9s del correo electr\u00f3nico a la direcci\u00f3n <a href=\"mailto:consellhorta_vlc@chdv.gva.es\">consellhorta_vlc@chdv.gva.es<\/a> o por medio del tel\u00e9fono +34 96 321 09 49.<\/li>\n<\/ol>\n","protected":false},"excerpt":{"rendered":"<p>Av\u00edso Legal De acuerdo con el art\u00edculo 10 de la Ley 34\/2002, de 11 de julio, de Servicios de la Sociedad de la Informaci\u00f3n y Comercio Electr\u00f3nico, ponemos en su conocimiento la informaci\u00f3n siguiente: El sitio web https:\/\/consellhorta.gva.es est\u00e1 gestionado por el Consorcio del Consell de L&#8217;Horta de Val\u00e8ncia, domiciliado en Cam\u00ed Alqueria dels Moros &hellip; <a href=\"https:\/\/consellhorta.gva.es\/es\/terminos-y-condiciones\/\">Contin\u00faa<\/a><\/p>\n","protected":false},"author":9,"featured_media":0,"parent":0,"menu_order":101,"comment_status":"closed","ping_status":"closed","template":"","meta":{"_acf_changed":false,"footnotes":""},"class_list":["post-871","page","type-page","status-publish","hentry"],"acf":[],"_links":{"self":[{"href":"https:\/\/consellhorta.gva.es\/es\/wp-json\/wp\/v2\/pages\/871","targetHints":{"allow":["GET"]}}],"collection":[{"href":"https:\/\/consellhorta.gva.es\/es\/wp-json\/wp\/v2\/pages"}],"about":[{"href":"https:\/\/consellhorta.gva.es\/es\/wp-json\/wp\/v2\/types\/page"}],"author":[{"embeddable":true,"href":"https:\/\/consellhorta.gva.es\/es\/wp-json\/wp\/v2\/users\/9"}],"replies":[{"embeddable":true,"href":"https:\/\/consellhorta.gva.es\/es\/wp-json\/wp\/v2\/comments?post=871"}],"version-history":[{"count":2,"href":"https:\/\/consellhorta.gva.es\/es\/wp-json\/wp\/v2\/pages\/871\/revisions"}],"predecessor-version":[{"id":2512,"href":"https:\/\/consellhorta.gva.es\/es\/wp-json\/wp\/v2\/pages\/871\/revisions\/2512"}],"wp:attachment":[{"href":"https:\/\/consellhorta.gva.es\/es\/wp-json\/wp\/v2\/media?parent=871"}],"curies":[{"name":"wp","href":"https:\/\/api.w.org\/{rel}","templated":true}]}}