{"id":1707,"date":"2023-04-03T09:51:37","date_gmt":"2023-04-03T08:51:37","guid":{"rendered":"http:\/\/consellhorta.gva.es\/?page_id=1707"},"modified":"2024-05-30T08:15:42","modified_gmt":"2024-05-30T07:15:42","slug":"manual-de-disseny-i-estil-de-senyalistica-i-mobiliari-a-lhorta-de-valencia","status":"publish","type":"page","link":"https:\/\/consellhorta.gva.es\/es\/manual-de-disseny-i-estil-de-senyalistica-i-mobiliari-a-lhorta-de-valencia\/","title":{"rendered":"Manual de dise\u00f1o y estilo de se\u00f1al\u00e9tica y mobiliario en l\u2019Horta de Val\u00e8ncia"},"content":{"rendered":"","protected":false},"excerpt":{"rendered":"","protected":false},"author":9,"featured_media":0,"parent":0,"menu_order":0,"comment_status":"closed","ping_status":"closed","template":"views\/template-custom.blade.php","meta":{"_acf_changed":false,"footnotes":""},"class_list":["post-1707","page","type-page","status-publish","hentry"],"acf":[],"_links":{"self":[{"href":"https:\/\/consellhorta.gva.es\/es\/wp-json\/wp\/v2\/pages\/1707","targetHints":{"allow":["GET"]}}],"collection":[{"href":"https:\/\/consellhorta.gva.es\/es\/wp-json\/wp\/v2\/pages"}],"about":[{"href":"https:\/\/consellhorta.gva.es\/es\/wp-json\/wp\/v2\/types\/page"}],"author":[{"embeddable":true,"href":"https:\/\/consellhorta.gva.es\/es\/wp-json\/wp\/v2\/users\/9"}],"replies":[{"embeddable":true,"href":"https:\/\/consellhorta.gva.es\/es\/wp-json\/wp\/v2\/comments?post=1707"}],"version-history":[{"count":8,"href":"https:\/\/consellhorta.gva.es\/es\/wp-json\/wp\/v2\/pages\/1707\/revisions"}],"predecessor-version":[{"id":3713,"href":"https:\/\/consellhorta.gva.es\/es\/wp-json\/wp\/v2\/pages\/1707\/revisions\/3713"}],"wp:attachment":[{"href":"https:\/\/consellhorta.gva.es\/es\/wp-json\/wp\/v2\/media?parent=1707"}],"curies":[{"name":"wp","href":"https:\/\/api.w.org\/{rel}","templated":true}]}}