{"id":1555,"date":"2023-04-03T09:53:32","date_gmt":"2023-04-03T08:53:32","guid":{"rendered":"http:\/\/consellhorta.gva.es\/?page_id=1555"},"modified":"2024-01-30T14:06:15","modified_gmt":"2024-01-30T13:06:15","slug":"testeo-de-la-resiliencia-frente-al-cambio-climatico-del-sipam-del-regadio-historico-de-lhorta-de-valencia","status":"publish","type":"page","link":"https:\/\/consellhorta.gva.es\/es\/testeo-de-la-resiliencia-frente-al-cambio-climatico-del-sipam-del-regadio-historico-de-lhorta-de-valencia\/","title":{"rendered":"Testeo de la Resiliencia frente al cambio clim\u00e1tico del SIPAM del Regad\u00edo Hist\u00f3rico de l\u2019Horta de Val\u00e8ncia"},"content":{"rendered":"","protected":false},"excerpt":{"rendered":"","protected":false},"author":9,"featured_media":0,"parent":0,"menu_order":0,"comment_status":"closed","ping_status":"closed","template":"views\/template-custom.blade.php","meta":{"_acf_changed":false,"footnotes":""},"class_list":["post-1555","page","type-page","status-publish","hentry"],"acf":[],"_links":{"self":[{"href":"https:\/\/consellhorta.gva.es\/es\/wp-json\/wp\/v2\/pages\/1555","targetHints":{"allow":["GET"]}}],"collection":[{"href":"https:\/\/consellhorta.gva.es\/es\/wp-json\/wp\/v2\/pages"}],"about":[{"href":"https:\/\/consellhorta.gva.es\/es\/wp-json\/wp\/v2\/types\/page"}],"author":[{"embeddable":true,"href":"https:\/\/consellhorta.gva.es\/es\/wp-json\/wp\/v2\/users\/9"}],"replies":[{"embeddable":true,"href":"https:\/\/consellhorta.gva.es\/es\/wp-json\/wp\/v2\/comments?post=1555"}],"version-history":[{"count":1,"href":"https:\/\/consellhorta.gva.es\/es\/wp-json\/wp\/v2\/pages\/1555\/revisions"}],"predecessor-version":[{"id":2885,"href":"https:\/\/consellhorta.gva.es\/es\/wp-json\/wp\/v2\/pages\/1555\/revisions\/2885"}],"wp:attachment":[{"href":"https:\/\/consellhorta.gva.es\/es\/wp-json\/wp\/v2\/media?parent=1555"}],"curies":[{"name":"wp","href":"https:\/\/api.w.org\/{rel}","templated":true}]}}